{"id":14248,"date":"2021-10-29T10:41:35","date_gmt":"2021-10-29T08:41:35","guid":{"rendered":"https:\/\/www.newsendip.com\/tous-les-bulletins\/"},"modified":"2024-07-12T17:50:13","modified_gmt":"2024-07-12T15:50:13","slug":"all-newsletters","status":"publish","type":"page","link":"https:\/\/www.newsendip.com\/fr\/newsletter-internationale\/all-newsletters\/","title":{"rendered":"Toutes les newsletters"},"content":{"rendered":"\n<div class=\"wp-block-query alignwide is-layout-flow wp-block-query-is-layout-flow\"><ul class=\"wp-block-post-template is-layout-flow wp-block-post-template-is-layout-flow\"><li class=\"wp-block-post post-40645 post type-post status-publish format-standard has-post-thumbnail hentry category-newsletter-fr tag-newsletter-fr\">\n<h2 class=\"wp-block-post-title\">Newsletter d\u2019actualit\u00e9s internationales \u2013 24 juin&nbsp;2024<\/h2>\n\n<div class=\"wp-block-post-date\"><time datetime=\"2024-06-24T02:00:00+02:00\">24 juin&nbsp;2024<\/time><\/div>\n\n<div class=\"wp-block-post-excerpt\"><p class=\"wp-block-post-excerpt__excerpt\">Un r\u00e9sum\u00e9 d\u2019articles de Newsendip&nbsp;: une \u00ab\u202ftaxe sur les chemisiers\u202f\u00bb import\u00e9s au Br\u00e9sil, les d\u00e9fis de l\u2019\u00e9nergie avec l\u2019IA pour Microsoft, l\u2019acc\u00e8s \u00e0 l\u2019avortement en Italie, et plus encore.<\/p><p class=\"wp-block-post-excerpt__more-text\"><a class=\"wp-block-post-excerpt__more-link\" href=\"https:\/\/www.newsendip.com\/fr\/newsletter-actualites-internationales-24-juin-2024\/\">Lire plus<\/a><\/p><\/div>\n<\/li><li class=\"wp-block-post post-40052 post type-post status-publish format-standard has-post-thumbnail hentry category-newsletter-fr tag-newsletter-fr\">\n<h2 class=\"wp-block-post-title\">Newsletter d\u2019actualit\u00e9s internationales \u2013 27 mai&nbsp;2024<\/h2>\n\n<div class=\"wp-block-post-date\"><time datetime=\"2024-05-27T00:30:00+02:00\">27 mai&nbsp;2024<\/time><\/div>\n\n<div class=\"wp-block-post-excerpt\"><p class=\"wp-block-post-excerpt__excerpt\">Un r\u00e9sum\u00e9 d\u2019articles de Newsendip&nbsp;: des cons\u00e9quences du conflit en Ukraine sur l\u2019environnement, les m\u00e9thodes de la Chine pour \u00e9touffer une diaspora trop critique du pouvoir, les craintes de censure en Argentine, et plus encore.<\/p><p class=\"wp-block-post-excerpt__more-text\"><a class=\"wp-block-post-excerpt__more-link\" href=\"https:\/\/www.newsendip.com\/fr\/newsletter-actualites-internationales-27-mai-2024\/\">Lire plus<\/a><\/p><\/div>\n<\/li><li class=\"wp-block-post post-39541 post type-post status-publish format-standard has-post-thumbnail hentry category-newsletter-fr tag-newsletter-fr\">\n<h2 class=\"wp-block-post-title\">Newsletter d\u2019actualit\u00e9 internationale \u2013 6 mai&nbsp;2024<\/h2>\n\n<div class=\"wp-block-post-date\"><time datetime=\"2024-05-06T01:00:00+02:00\">6 mai&nbsp;2024<\/time><\/div>\n\n<div class=\"wp-block-post-excerpt\"><p class=\"wp-block-post-excerpt__excerpt\">Un r\u00e9sum\u00e9 d\u2019articles de Newsendip&nbsp;: l\u2019image de la gastronomie fran\u00e7aise pendant les Jeux, un trafic a\u00e9rien perturb\u00e9 en Europe de l\u2019Est, des villes qui s\u2019affaissent en&nbsp;Chine.<\/p><p class=\"wp-block-post-excerpt__more-text\"><a class=\"wp-block-post-excerpt__more-link\" href=\"https:\/\/www.newsendip.com\/fr\/newsletter-actualite-internationale-6-mai-2024\/\">Lire plus<\/a><\/p><\/div>\n<\/li><li class=\"wp-block-post post-38642 post type-post status-publish format-standard has-post-thumbnail hentry category-newsletter-fr tag-newsletter-fr\">\n<h2 class=\"wp-block-post-title\">Newsletter actualit\u00e9s internationales \u2013 15 avril&nbsp;2024<\/h2>\n\n<div class=\"wp-block-post-date\"><time datetime=\"2024-04-15T01:00:00+02:00\">15 avril&nbsp;2024<\/time><\/div>\n\n<div class=\"wp-block-post-excerpt\"><p class=\"wp-block-post-excerpt__excerpt\">Un r\u00e9sum\u00e9 d\u2019articles de Newsendip&nbsp;: les myst\u00e8res d\u2019une station spatiale chinoise, des espions en Autriche, les maillots de foot sign\u00e9s en Espagne et des faux dipl\u00f4mes en Pologne.<\/p><p class=\"wp-block-post-excerpt__more-text\"><a class=\"wp-block-post-excerpt__more-link\" href=\"https:\/\/www.newsendip.com\/fr\/newsletter-actualites-internationales-15-avril-2024\/\">Lire plus<\/a><\/p><\/div>\n<\/li><li class=\"wp-block-post post-38114 post type-post status-publish format-standard has-post-thumbnail hentry category-newsletter-fr tag-newsletter-fr\">\n<h2 class=\"wp-block-post-title\">Newsletter du 2 avril&nbsp;2024<\/h2>\n\n<div class=\"wp-block-post-date\"><time datetime=\"2024-04-02T03:00:00+02:00\">2 avril&nbsp;2024<\/time><\/div>\n\n<div class=\"wp-block-post-excerpt\"><p class=\"wp-block-post-excerpt__excerpt\">Un r\u00e9sum\u00e9 d\u2019articles de Newsendip&nbsp;: les vacances au Portugal, une h\u00f4tel avec piscine aux Philippines, une \u00ab\u202ftrag\u00e9die croate\u202f\u00bb, et plus encore.<\/p><p class=\"wp-block-post-excerpt__more-text\"><a class=\"wp-block-post-excerpt__more-link\" href=\"https:\/\/www.newsendip.com\/fr\/newsletter-du-2-avril-2024\/\">Lire plus<\/a><\/p><\/div>\n<\/li><li class=\"wp-block-post post-37708 post type-post status-publish format-standard has-post-thumbnail hentry category-newsletter-fr tag-newsletter-fr\">\n<h2 class=\"wp-block-post-title\">Newsletter d\u2019actualit\u00e9s internationales \u2013 11 mars&nbsp;2024<\/h2>\n\n<div class=\"wp-block-post-date\"><time datetime=\"2024-03-11T06:00:00+01:00\">11 mars&nbsp;2024<\/time><\/div>\n\n<div class=\"wp-block-post-excerpt\"><p class=\"wp-block-post-excerpt__excerpt\">Un r\u00e9sum\u00e9 d\u2019articles de Newsendip&nbsp;: les risques d\u2019addiction aux gouttes dans le nez en Norv\u00e8ge, l\u2019accord d\u2019exclusivit\u00e9 de Singapour avec Taylor Swift, une \u00e9ph\u00e9m\u00e8re autorit\u00e9 sanitaire en Nouvelle-Z\u00e9lande, et plus encore.<\/p><p class=\"wp-block-post-excerpt__more-text\"><a class=\"wp-block-post-excerpt__more-link\" href=\"https:\/\/www.newsendip.com\/fr\/newsletter-actualites-internationales-11-mars-2024\/\">Lire plus<\/a><\/p><\/div>\n<\/li><li class=\"wp-block-post post-37441 post type-post status-publish format-standard has-post-thumbnail hentry category-newsletter-fr tag-newsletter-fr\">\n<h2 class=\"wp-block-post-title\">Newsletter d\u2019actualit\u00e9s internationales \u2013 26 f\u00e9vrier 2024<\/h2>\n\n<div class=\"wp-block-post-date\"><time datetime=\"2024-02-26T01:00:00+01:00\">26 f\u00e9vrier 2024<\/time><\/div>\n\n<div class=\"wp-block-post-excerpt\"><p class=\"wp-block-post-excerpt__excerpt\">Un r\u00e9sum\u00e9 d\u2019articles de Newsendip&nbsp;: le camembert et le roquefort menac\u00e9s, le cartel du lait en Espagne, a \u00eele chilienne \u00e0 vendre, et plus encore.<\/p><p class=\"wp-block-post-excerpt__more-text\"><a class=\"wp-block-post-excerpt__more-link\" href=\"https:\/\/www.newsendip.com\/fr\/newsletter-actualites-internationales-26-fevrier-2024\/\">Lire plus<\/a><\/p><\/div>\n<\/li><li class=\"wp-block-post post-37204 post type-post status-publish format-standard has-post-thumbnail hentry category-newsletter-fr tag-newsletter-fr\">\n<h2 class=\"wp-block-post-title\">Newsletter actualit\u00e9 internationale du 16 f\u00e9vrier 2024<\/h2>\n\n<div class=\"wp-block-post-date\"><time datetime=\"2024-02-19T06:00:00+01:00\">19 f\u00e9vrier 2024<\/time><\/div>\n\n<div class=\"wp-block-post-excerpt\"><p class=\"wp-block-post-excerpt__excerpt\">Un r\u00e9sum\u00e9 d\u2019articles de Newsendip&nbsp;: l\u2019entrepreneuriat en Chine, le cacao au Ghana, le mariage d\u2019enfants au Mexique, et plus encore.<\/p><p class=\"wp-block-post-excerpt__more-text\"><a class=\"wp-block-post-excerpt__more-link\" href=\"https:\/\/www.newsendip.com\/fr\/newsletter-actualite-internationale-du-16-fevrier-2024\/\">Lire plus<\/a><\/p><\/div>\n<\/li><li class=\"wp-block-post post-36423 post type-post status-publish format-standard has-post-thumbnail hentry category-newsletter-fr tag-newsletter-fr\">\n<h2 class=\"wp-block-post-title\">Newsletter d\u2019actualit\u00e9s internationales \u2013 2 f\u00e9vrier 2024<\/h2>\n\n<div class=\"wp-block-post-date\"><time datetime=\"2024-02-02T16:30:00+01:00\">2 f\u00e9vrier 2024<\/time><\/div>\n\n<div class=\"wp-block-post-excerpt\"><p class=\"wp-block-post-excerpt__excerpt\">Un r\u00e9sum\u00e9 d\u2019articles de Newsendip&nbsp;: les logements vacants au Japon, les conflits entre communaut\u00e9s indig\u00e8nes et agriculteurs au Br\u00e9sil, la \u00ab\u202ffronti\u00e8re num\u00e9rique\u202f\u00bb russe, et plus encore.<\/p><p class=\"wp-block-post-excerpt__more-text\"><a class=\"wp-block-post-excerpt__more-link\" href=\"https:\/\/www.newsendip.com\/fr\/newsletter-actualites-internationales-2-fevrier-2024\/\">Lire plus<\/a><\/p><\/div>\n<\/li><li class=\"wp-block-post post-36193 post type-post status-publish format-standard has-post-thumbnail hentry category-newsletter-fr tag-newsletter-fr\">\n<h2 class=\"wp-block-post-title\">Newsletter d\u2019actualit\u00e9s internationales \u2013 29 janvier 2024<\/h2>\n\n<div class=\"wp-block-post-date\"><time datetime=\"2024-01-29T05:00:00+01:00\">29 janvier 2024<\/time><\/div>\n\n<div class=\"wp-block-post-excerpt\"><p class=\"wp-block-post-excerpt__excerpt\">Un r\u00e9sum\u00e9 d\u2019articles de Newsendip&nbsp;: la hausse des arnaques t\u00e9l\u00e9phoniques en imitant la voix de ses proches, l\u2019importation de lait en Norv\u00e8ge, les \u00e9tudes au Canada et plus encore.<\/p><p class=\"wp-block-post-excerpt__more-text\"><a class=\"wp-block-post-excerpt__more-link\" href=\"https:\/\/www.newsendip.com\/fr\/resume-actualite-internationales-29-01-2024\/\">Lire plus<\/a><\/p><\/div>\n<\/li><\/ul>\n\n<nav class=\"aligncenter wp-block-query-pagination has-medium-font-size is-content-justification-center is-layout-flex wp-container-core-query-pagination-is-layout-16018d1d wp-block-query-pagination-is-layout-flex\" aria-label=\"Pagination\">\n\n\n<div class=\"wp-block-query-pagination-numbers\"><span aria-current=\"page\" class=\"page-numbers current\">1<\/span>\n<a class=\"page-numbers\" href=\"?query-8-page=2\">2<\/a>\n<a class=\"page-numbers\" href=\"?query-8-page=3\">3<\/a>\n<span class=\"page-numbers dots\">\u2026<\/span>\n<a class=\"page-numbers\" href=\"?query-8-page=11\">11<\/a><\/div>\n\n<a href=\"\/fr\/wp-json\/wp\/v2\/pages\/14248?query-8-page=2\" class=\"wp-block-query-pagination-next has-medium-font-size\">Page suivante<span class=\"wp-block-query-pagination-next-arrow is-arrow-chevron\" aria-hidden=\"true\">\u202f\u00bb<\/span><\/a>\n<\/nav><\/div>\n","protected":false},"excerpt":{"rendered":"","protected":false},"author":1,"featured_media":31339,"parent":20380,"menu_order":2,"comment_status":"closed","ping_status":"closed","template":"","meta":{"wp_typography_post_enhancements_disabled":false,"footnotes":""},"class_list":["post-14248","page","type-page","status-publish","has-post-thumbnail","hentry"],"yoast_head":"<!-- This site is optimized with the Yoast SEO Premium plugin v27.4 (Yoast SEO v27.4) - https:\/\/yoast.com\/product\/yoast-seo-premium-wordpress\/ -->\n<title>Toutes les newsletters - Newsendip<\/title>\n<meta name=\"robots\" content=\"index, follow, max-snippet:-1, max-image-preview:large, max-video-preview:-1\" \/>\n<link rel=\"canonical\" href=\"https:\/\/www.newsendip.com\/fr\/newsletter-internationale\/all-newsletters\/\" \/>\n<link rel=\"next\" href=\"https:\/\/www.newsendip.com\/fr\/newsletter-internationale\/all-newsletters\/14248\/?query-8-page=2\" \/>\n<meta property=\"og:locale\" content=\"fr_FR\" \/>\n<meta property=\"og:type\" content=\"article\" \/>\n<meta property=\"og:title\" content=\"Toutes les newsletters\" \/>\n<meta property=\"og:url\" content=\"https:\/\/www.newsendip.com\/fr\/newsletter-internationale\/all-newsletters\/\" \/>\n<meta property=\"og:site_name\" content=\"Newsendip\" \/>\n<meta property=\"article:publisher\" content=\"https:\/\/www.facebook.com\/newsendip\" \/>\n<meta property=\"article:modified_time\" content=\"2024-07-12T15:50:13+00:00\" \/>\n<meta property=\"og:image\" content=\"https:\/\/www.newsendip.com\/wp-content\/uploads\/2023\/09\/Final-Logo-01-scaled.webp\" \/>\n\t<meta property=\"og:image:width\" content=\"2560\" \/>\n\t<meta property=\"og:image:height\" content=\"1650\" \/>\n\t<meta property=\"og:image:type\" content=\"image\/webp\" \/>\n<meta name=\"twitter:card\" content=\"summary_large_image\" \/>\n<meta name=\"twitter:site\" content=\"@newsendip\" \/>\n<meta name=\"twitter:label1\" content=\"Dur\u00e9e de lecture estim\u00e9e\" \/>\n\t<meta name=\"twitter:data1\" content=\"1 minute\" \/>\n<!-- \/ Yoast SEO Premium plugin. -->","yoast_head_json":{"title":"Toutes les newsletters - Newsendip","robots":{"index":"index","follow":"follow","max-snippet":"max-snippet:-1","max-image-preview":"max-image-preview:large","max-video-preview":"max-video-preview:-1"},"canonical":"https:\/\/www.newsendip.com\/fr\/newsletter-internationale\/all-newsletters\/","next":"https:\/\/www.newsendip.com\/fr\/newsletter-internationale\/all-newsletters\/14248?query-8-page=2","og_locale":"fr_FR","og_type":"article","og_title":"Toutes les newsletters","og_url":"https:\/\/www.newsendip.com\/fr\/newsletter-internationale\/all-newsletters\/","og_site_name":"Newsendip","article_publisher":"https:\/\/www.facebook.com\/newsendip","article_modified_time":"2024-07-12T15:50:13+00:00","og_image":[{"width":2560,"height":1650,"url":"https:\/\/www.newsendip.com\/wp-content\/uploads\/2023\/09\/Final-Logo-01-scaled.webp","type":"image\/webp"}],"twitter_card":"summary_large_image","twitter_site":"@newsendip","twitter_misc":{"Dur\u00e9e de lecture estim\u00e9e":"1 minute"},"schema":{"@context":"https:\/\/schema.org","@graph":[{"@type":"WebPage","@id":"https:\/\/www.newsendip.com\/fr\/newsletter-internationale\/all-newsletters\/","url":"https:\/\/www.newsendip.com\/fr\/newsletter-internationale\/all-newsletters\/","name":"Toutes les newsletters - Newsendip","isPartOf":{"@id":"https:\/\/www.newsendip.com\/fr\/#website"},"primaryImageOfPage":{"@id":"https:\/\/www.newsendip.com\/fr\/newsletter-internationale\/all-newsletters\/#primaryimage"},"image":{"@id":"https:\/\/www.newsendip.com\/fr\/newsletter-internationale\/all-newsletters\/#primaryimage"},"thumbnailUrl":"https:\/\/www.newsendip.com\/wp-content\/uploads\/2023\/09\/Final-Logo-01-scaled.webp","datePublished":"2021-10-29T08:41:35+00:00","dateModified":"2024-07-12T15:50:13+00:00","breadcrumb":{"@id":"https:\/\/www.newsendip.com\/fr\/newsletter-internationale\/all-newsletters\/#breadcrumb"},"inLanguage":"fr-FR","potentialAction":[{"@type":"ReadAction","target":["https:\/\/www.newsendip.com\/fr\/newsletter-internationale\/all-newsletters\/"]}]},{"@type":"ImageObject","inLanguage":"fr-FR","@id":"https:\/\/www.newsendip.com\/fr\/newsletter-internationale\/all-newsletters\/#primaryimage","url":"https:\/\/www.newsendip.com\/wp-content\/uploads\/2023\/09\/Final-Logo-01-scaled.webp","contentUrl":"https:\/\/www.newsendip.com\/wp-content\/uploads\/2023\/09\/Final-Logo-01-scaled.webp","width":2560,"height":1650,"caption":"Logo Newsendip world news"},{"@type":"BreadcrumbList","@id":"https:\/\/www.newsendip.com\/fr\/newsletter-internationale\/all-newsletters\/#breadcrumb","itemListElement":[{"@type":"ListItem","position":1,"name":"Accueil","item":"https:\/\/www.newsendip.com\/fr\/"},{"@type":"ListItem","position":2,"name":"Newsletter internationale","item":"https:\/\/www.newsendip.com\/fr\/newsletter-internationale\/"},{"@type":"ListItem","position":3,"name":"Toutes les newsletters"}]},{"@type":"WebSite","@id":"https:\/\/www.newsendip.com\/fr\/#website","url":"https:\/\/www.newsendip.com\/fr\/","name":"Newsendip","description":"Red\u00e9couvrez l&#039;actualit\u00e9 internationale","publisher":{"@id":"https:\/\/www.newsendip.com\/fr\/#organization"},"potentialAction":[{"@type":"SearchAction","target":{"@type":"EntryPoint","urlTemplate":"https:\/\/www.newsendip.com\/fr\/?s={search_term_string}"},"query-input":{"@type":"PropertyValueSpecification","valueRequired":true,"valueName":"search_term_string"}}],"inLanguage":"fr-FR"},{"@type":"Organization","@id":"https:\/\/www.newsendip.com\/fr\/#organization","name":"Newsendip","url":"https:\/\/www.newsendip.com\/fr\/","logo":{"@type":"ImageObject","inLanguage":"fr-FR","@id":"https:\/\/www.newsendip.com\/fr\/#\/schema\/logo\/image\/","url":"https:\/\/www.newsendip.com\/wp-content\/uploads\/2023\/12\/512x512.svg","contentUrl":"https:\/\/www.newsendip.com\/wp-content\/uploads\/2023\/12\/512x512.svg","width":1,"height":1,"caption":"Newsendip"},"image":{"@id":"https:\/\/www.newsendip.com\/fr\/#\/schema\/logo\/image\/"},"sameAs":["https:\/\/www.facebook.com\/newsendip","https:\/\/x.com\/newsendip","https:\/\/mastodon.social\/@newsendip","https:\/\/www.linkedin.com\/company\/newsendip"],"description":"Newsendip est un site qui a pour mission de rendre l'actualit\u00e9 internationale accessible et diversifi\u00e9e","email":"contact@newsendip.com","legalName":"Newsendip SAS","foundingDate":"2022-11-04","vatID":"FR60921124723","numberOfEmployees":{"@type":"QuantitativeValue","minValue":"1","maxValue":"10"},"publishingPrinciples":"https:\/\/www.newsendip.com\/about-us\/","ownershipFundingInfo":"https:\/\/www.newsendip.com\/legal-notice\/","actionableFeedbackPolicy":"https:\/\/www.newsendip.com\/about-us\/","correctionsPolicy":"https:\/\/www.newsendip.com\/about-us\/","ethicsPolicy":"https:\/\/www.newsendip.com\/about-us\/","diversityPolicy":"https:\/\/www.newsendip.com\/about-us\/"}]}},"_links":{"self":[{"href":"https:\/\/www.newsendip.com\/fr\/wp-json\/wp\/v2\/pages\/14248","targetHints":{"allow":["GET"]}}],"collection":[{"href":"https:\/\/www.newsendip.com\/fr\/wp-json\/wp\/v2\/pages"}],"about":[{"href":"https:\/\/www.newsendip.com\/fr\/wp-json\/wp\/v2\/types\/page"}],"author":[{"embeddable":true,"href":"https:\/\/www.newsendip.com\/fr\/wp-json\/wp\/v2\/users\/1"}],"replies":[{"embeddable":true,"href":"https:\/\/www.newsendip.com\/fr\/wp-json\/wp\/v2\/comments?post=14248"}],"version-history":[{"count":0,"href":"https:\/\/www.newsendip.com\/fr\/wp-json\/wp\/v2\/pages\/14248\/revisions"}],"up":[{"embeddable":true,"href":"https:\/\/www.newsendip.com\/fr\/wp-json\/wp\/v2\/pages\/20380"}],"wp:featuredmedia":[{"embeddable":true,"href":"https:\/\/www.newsendip.com\/fr\/wp-json\/wp\/v2\/media\/31339"}],"wp:attachment":[{"href":"https:\/\/www.newsendip.com\/fr\/wp-json\/wp\/v2\/media?parent=14248"}],"curies":[{"name":"wp","href":"https:\/\/api.w.org\/{rel}","templated":true}]}}