{"id":14250,"date":"2022-01-14T23:40:33","date_gmt":"2022-01-14T22:40:33","guid":{"rendered":"https:\/\/www.newsendip.com\/page-de-lauteur\/"},"modified":"2024-07-17T16:33:53","modified_gmt":"2024-07-17T14:33:53","slug":"auteurs","status":"publish","type":"page","link":"https:\/\/www.newsendip.com\/fr\/auteurs\/","title":{"rendered":"Nos auteurs"},"content":{"rendered":"<ul class=\"authors-list\"><li><h2><a href=\"https:\/\/www.newsendip.com\/fr\/author\/alexander-saraff\/\">Alexander Saraff Marcos<\/a><\/h2><p>Alexander est r\u00e9dacteur pour Newsendip.\n\nIl poss\u00e8de la double nationalit\u00e9 am\u00e9ricaine et espagnole et vit entre l\u2019Espagne et la France. Il est dipl\u00f4m\u00e9 de l\u2019universit\u00e9 de Pittsburgh avec une sp\u00e9cialisation en philosophie et en langue fran\u00e7aise. Il aime regarder et \u00e9crire sur l\u2019e-sport sur son temps&nbsp;libre.<\/p><\/li><li><h2><a href=\"https:\/\/www.newsendip.com\/fr\/author\/anto-perrault492004\/\">Antonin Perrault<\/a><\/h2><p>Antonin est un contributeur de Newsendip.\n\nIl a grandi en France et aime \u00e0 peu pr\u00e8s tout ce qui touche au&nbsp;sport.<\/p><\/li><li><h2><a href=\"https:\/\/www.newsendip.com\/fr\/author\/aude-bres\/\">Aude Bres<\/a><\/h2><p>Aude est r\u00e9dactrice pour Newsendip. Elle est dipl\u00f4m\u00e9e de l\u2019universit\u00e9 de la Sorbonne.<\/p><\/li><li><h2><a href=\"https:\/\/www.newsendip.com\/fr\/author\/claire-rhea\/\">Claire Rhea<\/a><\/h2><p>Claire est journaliste pour Newsendip.\n\nElle a grandi \u00e0 Londres et poss\u00e8de la double nationalit\u00e9 am\u00e9ricaine et fran\u00e7aise. Elle est dipl\u00f4m\u00e9e en sciences politiques et \u00e9conomie de l\u2019Universit\u00e9 McGill \u00e0 Montr\u00e9al. Elle a \u00e9galement v\u00e9cu en Italie.<\/p><\/li><li><h2><a href=\"https:\/\/www.newsendip.com\/fr\/author\/clement-verite\/\">Cl\u00e9ment V\u00e9rit\u00e9<\/a><\/h2><p>Cl\u00e9ment est le r\u00e9dacteur en chef et fondateur de Newsendip.\n\nIl a d\u00e9marr\u00e9 dans l\u2019univers des m\u00e9dias en tant que correspondant \u00e0 16 ans pour un journal local apr\u00e8s l\u2019\u00e9cole et ne l\u2019a jamais quitt\u00e9 depuis. Il a ensuite pu travailler pendant 7 ans au New York Times, notamment en tant que data analyst. Il est titulaire d\u2019un Master en management en France et d\u2019un Master of Arts au Royaume-Uni en strat\u00e9gie marketing et communication internationale. Il a v\u00e9cu en France, au Royaume-Uni et en Italie.<\/p><\/li><li><h2><a href=\"https:\/\/www.newsendip.com\/fr\/author\/jennifer-shoemaker\/\">Jennifer Shoemaker<\/a><\/h2><p>Jennifer est r\u00e9dactrice pour Newsendip.\n\nElle est am\u00e9ricaine, est n\u00e9e en Russie et a \u00e9galement v\u00e9cu aux \u00c9mirats arabes unis, en Indon\u00e9sie et en Malaisie. Elle a \u00e9tudi\u00e9 \u00e0 l\u2019\u00e9cole internationale de Kuala Lumpur et \u00e0 l\u2019American University of&nbsp;Paris.<\/p><\/li><li><h2><a href=\"https:\/\/www.newsendip.com\/fr\/author\/julie-carballo\/\">Julie Carballo<\/a><\/h2><p>Julie Carballo est correspondante pour Newsendip.\n\nAuparavant, elle a notamment travaill\u00e9 pour Le Figaro et au bureau de Rome pour&nbsp;l\u2019AFP.<\/p><\/li><li><h2><a href=\"https:\/\/www.newsendip.com\/fr\/author\/monika-filipovic\/\">Monika Filipovic<\/a><\/h2><p>Monika Filipovi\u0107 est r\u00e9dactrice pour Newsendip.\n\nElle est croate et dipl\u00f4m\u00e9e en sciences politiques et en \u00e9tudes europ\u00e9ennes et internationales. Elle a \u00e9galement travaill\u00e9 au Parlement de l\u2019Union europ\u00e9enne.<\/p><\/li><li><h2><a href=\"https:\/\/www.newsendip.com\/fr\/author\/newsendip\/\">Newsendip<\/a><\/h2><p>Articles \u00e9crits par la r\u00e9daction de Newsendip<\/p><\/li><li><h2><a href=\"https:\/\/www.newsendip.com\/fr\/author\/newsendip-associated-press\/\">Newsendip with&nbsp;AP<\/a><\/h2><p>Articles \u00e9crits par la r\u00e9daction de Newsendip avec l\u2019aide de l\u2019agence de presse Associated Press<\/p><\/li><li><h2><a href=\"https:\/\/www.newsendip.com\/fr\/author\/orlane-bourge\/\">Orlane Bourge<\/a><\/h2><p>Orlane est une contributrice de Newsendip.\n\nElle a \u00e9tudi\u00e9 \u00e0 La Sorbonne et fut membre de l\u2019association Sorbonne pour les Nations Unies. Elle est passionn\u00e9e par les langues \u00e9trang\u00e8res, la g\u00e9opolitique et aime \u00e9crire sur l\u2019industrie de la&nbsp;mode.<\/p><\/li><li><h2><a href=\"https:\/\/www.newsendip.com\/fr\/author\/paul-raymond\/\">Paul Raymond<\/a><\/h2><p>Paul est r\u00e9dacteur pour Newsendip.\n\nIl a \u00e9tudi\u00e9 les sciences politiques et les relations internationales \u00e0 l\u2019European School of Politics, Il adore la culture japonaise.<\/p><\/li><li><h2><a href=\"https:\/\/www.newsendip.com\/fr\/author\/newsendip-reuters\/\">Newsendip with Reuters<\/a><\/h2><p>Articles \u00e9crits par la r\u00e9daction de Newsendip avec l\u2019aide de l\u2019agence de presse Reuters<\/p><\/li><li><h2><a href=\"https:\/\/www.newsendip.com\/fr\/author\/scott-muprhy\/\">Scott Murphy<\/a><\/h2><p>Scott est journaliste pour Newsendip.\n\nScott est am\u00e9ricain et vit \u00e0 Hong Kong depuis de nombreuses ann\u00e9es. Il poss\u00e8de une vaste exp\u00e9rience comme journaliste lifestyle, intervieweur et producteur de t\u00e9l\u00e9vision. Ses articles sont \u00e9galement parus dans d\u2019autres m\u00e9dias tels que CNN, Hollywood Reporter ou encore South China Morning Post.<\/p><\/li><\/ul>\n","protected":false},"excerpt":{"rendered":"","protected":false},"author":1,"featured_media":23572,"parent":0,"menu_order":0,"comment_status":"closed","ping_status":"closed","template":"","meta":{"wp_typography_post_enhancements_disabled":false,"footnotes":""},"class_list":["post-14250","page","type-page","status-publish","has-post-thumbnail","hentry"],"yoast_head":"<!-- This site is optimized with the Yoast SEO Premium plugin v27.5 (Yoast SEO v27.5) - https:\/\/yoast.com\/product\/yoast-seo-premium-wordpress\/ -->\n<title>Nos auteurs - Newsendip<\/title>\n<meta name=\"description\" content=\"Auteurs de newsendip. Brisez vos bulles de filtre et supprimez les algorithmes. De l&#039;actualit\u00e9 international facilement accessible. Sans algorithme, d\u00e9couvrez la s\u00e9rendipit\u00e9\" \/>\n<meta name=\"robots\" content=\"index, follow, max-snippet:-1, max-image-preview:large, max-video-preview:-1\" \/>\n<link rel=\"canonical\" href=\"https:\/\/www.newsendip.com\/fr\/auteurs\/\" \/>\n<meta property=\"og:locale\" content=\"fr_FR\" \/>\n<meta property=\"og:type\" content=\"article\" \/>\n<meta property=\"og:title\" content=\"Nos auteurs\" \/>\n<meta property=\"og:url\" content=\"https:\/\/www.newsendip.com\/fr\/auteurs\/\" \/>\n<meta property=\"og:site_name\" content=\"Newsendip\" \/>\n<meta property=\"article:publisher\" content=\"https:\/\/www.facebook.com\/newsendip\" \/>\n<meta property=\"article:modified_time\" content=\"2024-07-17T14:33:53+00:00\" \/>\n<meta property=\"og:image\" content=\"https:\/\/www.newsendip.com\/wp-content\/uploads\/2023\/01\/earth-scaled.webp\" \/>\n\t<meta property=\"og:image:width\" content=\"2560\" \/>\n\t<meta property=\"og:image:height\" content=\"1280\" \/>\n\t<meta property=\"og:image:type\" content=\"image\/webp\" \/>\n<meta name=\"twitter:card\" content=\"summary_large_image\" \/>\n<meta name=\"twitter:site\" content=\"@newsendip\" \/>\n<meta name=\"twitter:label1\" content=\"Dur\u00e9e de lecture estim\u00e9e\" \/>\n\t<meta name=\"twitter:data1\" content=\"1 minute\" \/>\n<!-- \/ Yoast SEO Premium plugin. -->","yoast_head_json":{"title":"Nos auteurs - Newsendip","description":"Auteurs de newsendip. Brisez vos bulles de filtre et supprimez les algorithmes. De l'actualit\u00e9 international facilement accessible. Sans algorithme, d\u00e9couvrez la s\u00e9rendipit\u00e9","robots":{"index":"index","follow":"follow","max-snippet":"max-snippet:-1","max-image-preview":"max-image-preview:large","max-video-preview":"max-video-preview:-1"},"canonical":"https:\/\/www.newsendip.com\/fr\/auteurs\/","og_locale":"fr_FR","og_type":"article","og_title":"Nos auteurs","og_url":"https:\/\/www.newsendip.com\/fr\/auteurs\/","og_site_name":"Newsendip","article_publisher":"https:\/\/www.facebook.com\/newsendip","article_modified_time":"2024-07-17T14:33:53+00:00","og_image":[{"width":2560,"height":1280,"url":"https:\/\/www.newsendip.com\/wp-content\/uploads\/2023\/01\/earth-scaled.webp","type":"image\/webp"}],"twitter_card":"summary_large_image","twitter_site":"@newsendip","twitter_misc":{"Dur\u00e9e de lecture estim\u00e9e":"1 minute"},"schema":{"@context":"https:\/\/schema.org","@graph":[{"@type":"WebPage","@id":"https:\/\/www.newsendip.com\/fr\/auteurs\/","url":"https:\/\/www.newsendip.com\/fr\/auteurs\/","name":"Nos auteurs - Newsendip","isPartOf":{"@id":"https:\/\/www.newsendip.com\/fr\/#website"},"primaryImageOfPage":{"@id":"https:\/\/www.newsendip.com\/fr\/auteurs\/#primaryimage"},"image":{"@id":"https:\/\/www.newsendip.com\/fr\/auteurs\/#primaryimage"},"thumbnailUrl":"https:\/\/www.newsendip.com\/wp-content\/uploads\/2023\/01\/earth-scaled.webp","datePublished":"2022-01-14T22:40:33+00:00","dateModified":"2024-07-17T14:33:53+00:00","description":"Auteurs de newsendip. Brisez vos bulles de filtre et supprimez les algorithmes. De l'actualit\u00e9 international facilement accessible. Sans algorithme, d\u00e9couvrez la s\u00e9rendipit\u00e9","breadcrumb":{"@id":"https:\/\/www.newsendip.com\/fr\/auteurs\/#breadcrumb"},"inLanguage":"fr-FR","potentialAction":[{"@type":"ReadAction","target":["https:\/\/www.newsendip.com\/fr\/auteurs\/"]}]},{"@type":"ImageObject","inLanguage":"fr-FR","@id":"https:\/\/www.newsendip.com\/fr\/auteurs\/#primaryimage","url":"https:\/\/www.newsendip.com\/wp-content\/uploads\/2023\/01\/earth-scaled.webp","contentUrl":"https:\/\/www.newsendip.com\/wp-content\/uploads\/2023\/01\/earth-scaled.webp","width":2560,"height":1280,"caption":"monde"},{"@type":"BreadcrumbList","@id":"https:\/\/www.newsendip.com\/fr\/auteurs\/#breadcrumb","itemListElement":[{"@type":"ListItem","position":1,"name":"Accueil","item":"https:\/\/www.newsendip.com\/fr\/"},{"@type":"ListItem","position":2,"name":"Nos auteurs"}]},{"@type":"WebSite","@id":"https:\/\/www.newsendip.com\/fr\/#website","url":"https:\/\/www.newsendip.com\/fr\/","name":"Newsendip","description":"Red\u00e9couvrez l&#039;actualit\u00e9 internationale","publisher":{"@id":"https:\/\/www.newsendip.com\/fr\/#organization"},"potentialAction":[{"@type":"SearchAction","target":{"@type":"EntryPoint","urlTemplate":"https:\/\/www.newsendip.com\/fr\/?s={search_term_string}"},"query-input":{"@type":"PropertyValueSpecification","valueRequired":true,"valueName":"search_term_string"}}],"inLanguage":"fr-FR"},{"@type":"Organization","@id":"https:\/\/www.newsendip.com\/fr\/#organization","name":"Newsendip","url":"https:\/\/www.newsendip.com\/fr\/","logo":{"@type":"ImageObject","inLanguage":"fr-FR","@id":"https:\/\/www.newsendip.com\/fr\/#\/schema\/logo\/image\/","url":"https:\/\/www.newsendip.com\/wp-content\/uploads\/2023\/12\/512x512.svg","contentUrl":"https:\/\/www.newsendip.com\/wp-content\/uploads\/2023\/12\/512x512.svg","width":1,"height":1,"caption":"Newsendip"},"image":{"@id":"https:\/\/www.newsendip.com\/fr\/#\/schema\/logo\/image\/"},"sameAs":["https:\/\/www.facebook.com\/newsendip","https:\/\/x.com\/newsendip","https:\/\/mastodon.social\/@newsendip","https:\/\/www.linkedin.com\/company\/newsendip"],"description":"Newsendip est un site qui a pour mission de rendre l'actualit\u00e9 internationale accessible et diversifi\u00e9e","email":"contact@newsendip.com","legalName":"Newsendip SAS","foundingDate":"2022-11-04","vatID":"FR60921124723","numberOfEmployees":{"@type":"QuantitativeValue","minValue":"1","maxValue":"10"},"publishingPrinciples":"https:\/\/www.newsendip.com\/about-us\/","ownershipFundingInfo":"https:\/\/www.newsendip.com\/legal-notice\/","actionableFeedbackPolicy":"https:\/\/www.newsendip.com\/about-us\/","correctionsPolicy":"https:\/\/www.newsendip.com\/about-us\/","ethicsPolicy":"https:\/\/www.newsendip.com\/about-us\/","diversityPolicy":"https:\/\/www.newsendip.com\/about-us\/"}]}},"_links":{"self":[{"href":"https:\/\/www.newsendip.com\/fr\/wp-json\/wp\/v2\/pages\/14250","targetHints":{"allow":["GET"]}}],"collection":[{"href":"https:\/\/www.newsendip.com\/fr\/wp-json\/wp\/v2\/pages"}],"about":[{"href":"https:\/\/www.newsendip.com\/fr\/wp-json\/wp\/v2\/types\/page"}],"author":[{"embeddable":true,"href":"https:\/\/www.newsendip.com\/fr\/wp-json\/wp\/v2\/users\/1"}],"replies":[{"embeddable":true,"href":"https:\/\/www.newsendip.com\/fr\/wp-json\/wp\/v2\/comments?post=14250"}],"version-history":[{"count":0,"href":"https:\/\/www.newsendip.com\/fr\/wp-json\/wp\/v2\/pages\/14250\/revisions"}],"wp:featuredmedia":[{"embeddable":true,"href":"https:\/\/www.newsendip.com\/fr\/wp-json\/wp\/v2\/media\/23572"}],"wp:attachment":[{"href":"https:\/\/www.newsendip.com\/fr\/wp-json\/wp\/v2\/media?parent=14250"}],"curies":[{"name":"wp","href":"https:\/\/api.w.org\/{rel}","templated":true}]}}