{"id":23422,"date":"2023-01-13T10:44:20","date_gmt":"2023-01-13T09:44:20","guid":{"rendered":"https:\/\/www.newsendip.com\/?page_id=23422"},"modified":"2025-11-03T18:31:37","modified_gmt":"2025-11-03T17:31:37","slug":"veille-actualite-internationale","status":"publish","type":"page","link":"https:\/\/www.newsendip.com\/fr\/veille-actualite-internationale\/","title":{"rendered":"Veille d\u2019actualit\u00e9"},"content":{"rendered":"","protected":false},"excerpt":{"rendered":"","protected":false},"author":1,"featured_media":23574,"parent":0,"menu_order":0,"comment_status":"closed","ping_status":"closed","template":"template-news.php","meta":{"wp_typography_post_enhancements_disabled":false,"footnotes":""},"class_list":["post-23422","page","type-page","status-publish","has-post-thumbnail","hentry"],"yoast_head":"<!-- This site is optimized with the Yoast SEO Premium plugin v27.5 (Yoast SEO v27.5) - https:\/\/yoast.com\/product\/yoast-seo-premium-wordpress\/ -->\n<title>Veille d&#039;actualit\u00e9 - Newsendip<\/title>\n<meta name=\"description\" content=\"Outil utilis\u00e9 par des journalistes pour suivre l&#039;actualit\u00e9 internationale et trouver des infos dans 70 pays. Effectuez revue de presse, veille m\u00e9dia, business intelligence, \u00e9tude de march\u00e9 et bien plus encore\" \/>\n<meta name=\"robots\" content=\"index, follow, max-snippet:-1, max-image-preview:large, max-video-preview:-1\" \/>\n<link rel=\"canonical\" href=\"https:\/\/www.newsendip.com\/fr\/veille-actualite-internationale\/\" \/>\n<meta property=\"og:locale\" content=\"fr_FR\" \/>\n<meta property=\"og:type\" content=\"article\" \/>\n<meta property=\"og:title\" content=\"Veille d&#039;actualit\u00e9\" \/>\n<meta property=\"og:description\" content=\"Outil utilis\u00e9 par des journalistes pour suivre l&#039;actualit\u00e9 internationale et trouver des infos dans 70 pays. Effectuez revue de presse, veille m\u00e9dia, business intelligence, \u00e9tude de march\u00e9 et bien plus encore\" \/>\n<meta property=\"og:url\" content=\"https:\/\/www.newsendip.com\/fr\/veille-actualite-internationale\/\" \/>\n<meta property=\"og:site_name\" content=\"Newsendip\" \/>\n<meta property=\"article:publisher\" content=\"https:\/\/www.facebook.com\/newsendip\" \/>\n<meta property=\"article:modified_time\" content=\"2025-11-03T17:31:37+00:00\" \/>\n<meta property=\"og:image\" content=\"https:\/\/www.newsendip.com\/wp-content\/uploads\/2023\/01\/earth-min-scaled.jpeg\" \/>\n\t<meta property=\"og:image:width\" content=\"2560\" \/>\n\t<meta property=\"og:image:height\" content=\"1280\" \/>\n\t<meta property=\"og:image:type\" content=\"image\/jpeg\" \/>\n<meta name=\"twitter:card\" content=\"summary_large_image\" \/>\n<meta name=\"twitter:description\" content=\"Outil utilis\u00e9 par des journalistes pour suivre l&#039;actualit\u00e9 internationale et trouver des infos dans 70 pays. Effectuez revue de presse, veille m\u00e9dia, business intelligence, \u00e9tude de march\u00e9 et bien plus encore\" \/>\n<meta name=\"twitter:image\" content=\"https:\/\/www.newsendip.com\/wp-content\/uploads\/2023\/01\/earth-min-scaled.jpeg\" \/>\n<meta name=\"twitter:site\" content=\"@newsendip\" \/>\n<meta name=\"twitter:label1\" content=\"Dur\u00e9e de lecture estim\u00e9e\" \/>\n\t<meta name=\"twitter:data1\" content=\"1 minute\" \/>\n<!-- \/ Yoast SEO Premium plugin. -->","yoast_head_json":{"title":"Veille d'actualit\u00e9 - Newsendip","description":"Outil utilis\u00e9 par des journalistes pour suivre l'actualit\u00e9 internationale et trouver des infos dans 70 pays. Effectuez revue de presse, veille m\u00e9dia, business intelligence, \u00e9tude de march\u00e9 et bien plus encore","robots":{"index":"index","follow":"follow","max-snippet":"max-snippet:-1","max-image-preview":"max-image-preview:large","max-video-preview":"max-video-preview:-1"},"canonical":"https:\/\/www.newsendip.com\/fr\/veille-actualite-internationale\/","og_locale":"fr_FR","og_type":"article","og_title":"Veille d'actualit\u00e9","og_description":"Outil utilis\u00e9 par des journalistes pour suivre l'actualit\u00e9 internationale et trouver des infos dans 70 pays. Effectuez revue de presse, veille m\u00e9dia, business intelligence, \u00e9tude de march\u00e9 et bien plus encore","og_url":"https:\/\/www.newsendip.com\/fr\/veille-actualite-internationale\/","og_site_name":"Newsendip","article_publisher":"https:\/\/www.facebook.com\/newsendip","article_modified_time":"2025-11-03T17:31:37+00:00","og_image":[{"width":2560,"height":1280,"url":"https:\/\/www.newsendip.com\/wp-content\/uploads\/2023\/01\/earth-min-scaled.jpeg","type":"image\/jpeg"}],"twitter_card":"summary_large_image","twitter_description":"Outil utilis\u00e9 par des journalistes pour suivre l'actualit\u00e9 internationale et trouver des infos dans 70 pays. Effectuez revue de presse, veille m\u00e9dia, business intelligence, \u00e9tude de march\u00e9 et bien plus encore","twitter_image":"https:\/\/www.newsendip.com\/wp-content\/uploads\/2023\/01\/earth-min-scaled.jpeg","twitter_site":"@newsendip","twitter_misc":{"Dur\u00e9e de lecture estim\u00e9e":"1 minute"},"schema":{"@context":"https:\/\/schema.org","@graph":[{"@type":"WebPage","@id":"https:\/\/www.newsendip.com\/fr\/veille-actualite-internationale\/","url":"https:\/\/www.newsendip.com\/fr\/veille-actualite-internationale\/","name":"Veille d'actualit\u00e9 - Newsendip","isPartOf":{"@id":"https:\/\/www.newsendip.com\/fr\/#website"},"primaryImageOfPage":{"@id":"https:\/\/www.newsendip.com\/fr\/veille-actualite-internationale\/#primaryimage"},"image":{"@id":"https:\/\/www.newsendip.com\/fr\/veille-actualite-internationale\/#primaryimage"},"thumbnailUrl":"https:\/\/www.newsendip.com\/wp-content\/uploads\/2023\/01\/earth-min-scaled.jpeg","datePublished":"2023-01-13T09:44:20+00:00","dateModified":"2025-11-03T17:31:37+00:00","description":"Outil utilis\u00e9 par des journalistes pour suivre l'actualit\u00e9 internationale et trouver des infos dans 70 pays. Effectuez revue de presse, veille m\u00e9dia, business intelligence, \u00e9tude de march\u00e9 et bien plus encore","breadcrumb":{"@id":"https:\/\/www.newsendip.com\/fr\/veille-actualite-internationale\/#breadcrumb"},"inLanguage":"fr-FR","potentialAction":[{"@type":"ReadAction","target":["https:\/\/www.newsendip.com\/fr\/veille-actualite-internationale\/"]}]},{"@type":"ImageObject","inLanguage":"fr-FR","@id":"https:\/\/www.newsendip.com\/fr\/veille-actualite-internationale\/#primaryimage","url":"https:\/\/www.newsendip.com\/wp-content\/uploads\/2023\/01\/earth-min-scaled.jpeg","contentUrl":"https:\/\/www.newsendip.com\/wp-content\/uploads\/2023\/01\/earth-min-scaled.jpeg","width":2560,"height":1280,"caption":"monde"},{"@type":"BreadcrumbList","@id":"https:\/\/www.newsendip.com\/fr\/veille-actualite-internationale\/#breadcrumb","itemListElement":[{"@type":"ListItem","position":1,"name":"Accueil","item":"https:\/\/www.newsendip.com\/fr\/"},{"@type":"ListItem","position":2,"name":"Veille d&#8217;actualit\u00e9"}]},{"@type":"WebSite","@id":"https:\/\/www.newsendip.com\/fr\/#website","url":"https:\/\/www.newsendip.com\/fr\/","name":"Newsendip","description":"Red\u00e9couvrez l&#039;actualit\u00e9 internationale","publisher":{"@id":"https:\/\/www.newsendip.com\/fr\/#organization"},"potentialAction":[{"@type":"SearchAction","target":{"@type":"EntryPoint","urlTemplate":"https:\/\/www.newsendip.com\/fr\/?s={search_term_string}"},"query-input":{"@type":"PropertyValueSpecification","valueRequired":true,"valueName":"search_term_string"}}],"inLanguage":"fr-FR"},{"@type":"Organization","@id":"https:\/\/www.newsendip.com\/fr\/#organization","name":"Newsendip","url":"https:\/\/www.newsendip.com\/fr\/","logo":{"@type":"ImageObject","inLanguage":"fr-FR","@id":"https:\/\/www.newsendip.com\/fr\/#\/schema\/logo\/image\/","url":"https:\/\/www.newsendip.com\/wp-content\/uploads\/2023\/12\/512x512.svg","contentUrl":"https:\/\/www.newsendip.com\/wp-content\/uploads\/2023\/12\/512x512.svg","width":1,"height":1,"caption":"Newsendip"},"image":{"@id":"https:\/\/www.newsendip.com\/fr\/#\/schema\/logo\/image\/"},"sameAs":["https:\/\/www.facebook.com\/newsendip","https:\/\/x.com\/newsendip","https:\/\/mastodon.social\/@newsendip","https:\/\/www.linkedin.com\/company\/newsendip"],"description":"Newsendip est un site qui a pour mission de rendre l'actualit\u00e9 internationale accessible et diversifi\u00e9e","email":"contact@newsendip.com","legalName":"Newsendip SAS","foundingDate":"2022-11-04","vatID":"FR60921124723","numberOfEmployees":{"@type":"QuantitativeValue","minValue":"1","maxValue":"10"},"publishingPrinciples":"https:\/\/www.newsendip.com\/about-us\/","ownershipFundingInfo":"https:\/\/www.newsendip.com\/legal-notice\/","actionableFeedbackPolicy":"https:\/\/www.newsendip.com\/about-us\/","correctionsPolicy":"https:\/\/www.newsendip.com\/about-us\/","ethicsPolicy":"https:\/\/www.newsendip.com\/about-us\/","diversityPolicy":"https:\/\/www.newsendip.com\/about-us\/"}]}},"_links":{"self":[{"href":"https:\/\/www.newsendip.com\/fr\/wp-json\/wp\/v2\/pages\/23422","targetHints":{"allow":["GET"]}}],"collection":[{"href":"https:\/\/www.newsendip.com\/fr\/wp-json\/wp\/v2\/pages"}],"about":[{"href":"https:\/\/www.newsendip.com\/fr\/wp-json\/wp\/v2\/types\/page"}],"author":[{"embeddable":true,"href":"https:\/\/www.newsendip.com\/fr\/wp-json\/wp\/v2\/users\/1"}],"replies":[{"embeddable":true,"href":"https:\/\/www.newsendip.com\/fr\/wp-json\/wp\/v2\/comments?post=23422"}],"version-history":[{"count":1,"href":"https:\/\/www.newsendip.com\/fr\/wp-json\/wp\/v2\/pages\/23422\/revisions"}],"predecessor-version":[{"id":44133,"href":"https:\/\/www.newsendip.com\/fr\/wp-json\/wp\/v2\/pages\/23422\/revisions\/44133"}],"wp:featuredmedia":[{"embeddable":true,"href":"https:\/\/www.newsendip.com\/fr\/wp-json\/wp\/v2\/media\/23574"}],"wp:attachment":[{"href":"https:\/\/www.newsendip.com\/fr\/wp-json\/wp\/v2\/media?parent=23422"}],"curies":[{"name":"wp","href":"https:\/\/api.w.org\/{rel}","templated":true}]}}